{"id":30,"date":"2025-04-13T14:07:30","date_gmt":"2025-04-13T11:07:30","guid":{"rendered":"https:\/\/lambadavip.store\/?page_id=30"},"modified":"2025-04-15T23:45:45","modified_gmt":"2025-04-15T20:45:45","slug":"vizyonumuz","status":"publish","type":"page","link":"https:\/\/lambadavip.store\/index.php\/vizyonumuz\/","title":{"rendered":"Vizyonumuz"},"content":{"rendered":"\n<p><a href=\"https:\/\/lambadavip.store\/\">Lambadavip<\/a> Zoom Casino olarak vizyonumuz, yaln\u0131zca bir oyun platformu olmakla kalm\u0131yor. Ayn\u0131 zamanda <strong>yenilik\u00e7i, g\u00fcvenilir ve kullan\u0131c\u0131 odakl\u0131 bir lider<\/strong> haline gelmektir. Teknolojiyi en etkili \u015fekilde kullanarak, oyuncular\u0131m\u0131za global \u00f6l\u00e7ekte rakipsiz bir deneyim sunmay\u0131 hedefliyoruz.<\/p>\n\n\n\n<p>Her ge\u00e7en g\u00fcn geli\u015fen dijital e\u011flence sekt\u00f6r\u00fcnde, sadece bug\u00fcn\u00fc de\u011fil, <strong>gelece\u011fi de d\u00fc\u015f\u00fcnerek<\/strong> hareket ediyoruz. Bu do\u011frultuda, <strong>altyap\u0131m\u0131z\u0131 s\u00fcrekli geli\u015ftiriyor<\/strong>, kullan\u0131c\u0131 deneyimini her ge\u00e7en g\u00fcn daha iyi hale getiriyoruz.<\/p>\n\n\n\n<hr class=\"wp-block-separator has-alpha-channel-opacity\"\/>\n\n\n\n<h3 class=\"wp-block-heading\" id=\"h-oyunun-gelecegini-sekillendiriyoruz\">Oyunun Gelece\u011fini \u015eekillendiriyoruz<\/h3>\n\n\n\n<p>Amac\u0131m\u0131z, sanal <a href=\"https:\/\/heylink.me\/k\u0131br\u0131szoom\/\" target=\"_blank\" rel=\"noopener\">casino<\/a> deneyimini <strong>daha etkile\u015fimli, kazan\u00e7l\u0131 ve eri\u015filebilir<\/strong> k\u0131larak sekt\u00f6rdeki standartlar\u0131 yeniden tan\u0131mlamak. Lambadavip e\u011flence kadar g\u00fcvenli\u011fi de \u00f6nemsiyor. <strong>Sorumlu oyun politikalar\u0131<\/strong>, geli\u015fmi\u015f g\u00fcvenlik \u00f6nlemleri ve \u015feffafl\u0131k ilkeleriyle \u00f6ne \u00e7\u0131k\u0131yor.<\/p>\n\n\n\n<hr class=\"wp-block-separator has-alpha-channel-opacity\"\/>\n\n\n\n<h3 class=\"wp-block-heading\" id=\"h-her-oyuncuya-erisilebilir-mukemmellik\">Her Oyuncuya Eri\u015filebilir M\u00fckemmellik<\/h3>\n\n\n\n<p>\u0130ster y\u0131llard\u0131r casino d\u00fcnyas\u0131nda deneyime sahip bir tutkunuz olun, ister ilk kez bu heyecan verici d\u00fcnyaya ad\u0131m at\u0131yor olun, <strong>her seviyedeki oyuncuya e\u015fit kalitede ve ki\u015fiselle\u015ftirilmi\u015f hizmet sunmak, vizyonumuzun temel ta\u015flar\u0131n\u0131 olu\u015fturuyor.<\/strong> Amac\u0131m\u0131z, her oyuncunun kendisini de\u011ferli ve \u00f6zel hissetmesi i\u00e7in bir ortam yaratmak. B\u00f6ylece hem deneyimli oyuncular\u0131n beklentilerini en \u00fcst d\u00fczeyde kar\u015f\u0131lamay\u0131 hedefliyoruz. Ayn\u0131 zamanda yeni ba\u015flayanlar\u0131n rahat\u00e7a ve g\u00fcvenle bu d\u00fcnyada yol almas\u0131n\u0131 sa\u011flamakt\u0131r. Bu sayede, <strong>herkesin kendine ait benzersiz bir deneyim ya\u015fayaca\u011f\u0131, adil ve keyifli bir oyun ortam\u0131 yarat\u0131yoruz.<\/strong><\/p>\n\n\n\n<hr class=\"wp-block-separator has-alpha-channel-opacity\"\/>\n\n\n\n<h3 class=\"wp-block-heading\" id=\"h-kibris-tan-dunyaya-acilan-bir-marka\">K\u0131br\u0131s\u2019tan D\u00fcnyaya A\u00e7\u0131lan Bir Marka<\/h3>\n\n\n\n<p>Zoom Slot platformumuz sayesinde, K\u0131br\u0131s\u2019\u0131n en se\u00e7kin ve prestijli casinolar\u0131n\u0131 tek \u00e7at\u0131 alt\u0131nda topluyoruz. B\u00f6ylece oyuncular\u0131m\u0131za <strong>yerel deneyimle global kaliteyi harmanlayan bir oyun d\u00fcnyas\u0131 sunuyoruz.<\/strong> Her seviyedeki oyuncunun ihtiya\u00e7lar\u0131na hitap eden bu benzersiz platform, ayn\u0131 zamanda K\u0131br\u0131s\u2019taki casino deneyimini <strong>d\u00fcnya standartlar\u0131na ta\u015f\u0131may\u0131<\/strong> ama\u00e7l\u0131yor. Uzun vadede ise hedefimiz, Lambadavip Zoom Casino\u2019yu yaln\u0131zca K\u0131br\u0131s\u2019ta de\u011fil, <strong>t\u00fcm d\u00fcnyada g\u00fcvenilir, kaliteli ve prestijli bir marka<\/strong> olarak tan\u0131nan ve tercih edilen bir simgeye d\u00f6n\u00fc\u015ft\u00fcrmektir.<\/p>\n\n\n\n<hr class=\"wp-block-separator has-alpha-channel-opacity\"\/>\n\n\n\n<p>\ud83d\udd2e <strong>\u00d6zetle:<\/strong><br>Lambadavip olarak vizyonumuz, bug\u00fcn\u00fcn \u00f6tesine ge\u00e7erek oyun d\u00fcnyas\u0131na y\u00f6n vermek. Ayn\u0131 zamanda g\u00fcvenli, yenilik\u00e7i ve unutulmaz bir casino deneyimi sunmay\u0131 hedefliyoruz. Lambadavip <a href=\"https:\/\/www.kibriszoomslot.com\/\" target=\"_blank\" rel=\"noopener\">Zoom<\/a> Casino olarak, her zaman bir ad\u0131m \u00f6nde olmak i\u00e7in buraday\u0131z.<\/p>\n","protected":false},"excerpt":{"rendered":"<p>Lambadavip Zoom Casino olarak vizyonumuz, yaln\u0131zca bir oyun platformu olmakla kalm\u0131yor. Ayn\u0131 zamanda yenilik\u00e7i, g\u00fcvenilir ve kullan\u0131c\u0131 odakl\u0131 bir lider [&hellip;]<\/p>\n","protected":false},"author":1,"featured_media":18,"parent":0,"menu_order":0,"comment_status":"closed","ping_status":"closed","template":"","meta":{"site-sidebar-layout":"default","site-content-layout":"","ast-site-content-layout":"","site-content-style":"default","site-sidebar-style":"default","ast-global-header-display":"","ast-banner-title-visibility":"","ast-main-header-display":"","ast-hfb-above-header-display":"","ast-hfb-below-header-display":"","ast-hfb-mobile-header-display":"","site-post-title":"","ast-breadcrumbs-content":"","ast-featured-img":"disabled","footer-sml-layout":"","theme-transparent-header-meta":"","adv-header-id-meta":"","stick-header-meta":"","header-above-stick-meta":"","header-main-stick-meta":"","header-below-stick-meta":"","astra-migrate-meta-layouts":"default","ast-page-background-enabled":"default","ast-page-background-meta":{"desktop":{"background-color":"var(--ast-global-color-5)","background-image":"","background-repeat":"repeat","background-position":"center center","background-size":"auto","background-attachment":"scroll","background-type":"","background-media":"","overlay-type":"","overlay-color":"","overlay-opacity":"","overlay-gradient":""},"tablet":{"background-color":"","background-image":"","background-repeat":"repeat","background-position":"center center","background-size":"auto","background-attachment":"scroll","background-type":"","background-media":"","overlay-type":"","overlay-color":"","overlay-opacity":"","overlay-gradient":""},"mobile":{"background-color":"","background-image":"","background-repeat":"repeat","background-position":"center center","background-size":"auto","background-attachment":"scroll","background-type":"","background-media":"","overlay-type":"","overlay-color":"","overlay-opacity":"","overlay-gradient":""}},"ast-content-background-meta":{"desktop":{"background-color":"var(--ast-global-color-4)","background-image":"","background-repeat":"repeat","background-position":"center center","background-size":"auto","background-attachment":"scroll","background-type":"","background-media":"","overlay-type":"","overlay-color":"","overlay-opacity":"","overlay-gradient":""},"tablet":{"background-color":"var(--ast-global-color-4)","background-image":"","background-repeat":"repeat","background-position":"center center","background-size":"auto","background-attachment":"scroll","background-type":"","background-media":"","overlay-type":"","overlay-color":"","overlay-opacity":"","overlay-gradient":""},"mobile":{"background-color":"var(--ast-global-color-4)","background-image":"","background-repeat":"repeat","background-position":"center center","background-size":"auto","background-attachment":"scroll","background-type":"","background-media":"","overlay-type":"","overlay-color":"","overlay-opacity":"","overlay-gradient":""}},"footnotes":""},"class_list":["post-30","page","type-page","status-publish","has-post-thumbnail","hentry"],"_links":{"self":[{"href":"https:\/\/lambadavip.store\/index.php\/wp-json\/wp\/v2\/pages\/30","targetHints":{"allow":["GET"]}}],"collection":[{"href":"https:\/\/lambadavip.store\/index.php\/wp-json\/wp\/v2\/pages"}],"about":[{"href":"https:\/\/lambadavip.store\/index.php\/wp-json\/wp\/v2\/types\/page"}],"author":[{"embeddable":true,"href":"https:\/\/lambadavip.store\/index.php\/wp-json\/wp\/v2\/users\/1"}],"replies":[{"embeddable":true,"href":"https:\/\/lambadavip.store\/index.php\/wp-json\/wp\/v2\/comments?post=30"}],"version-history":[{"count":2,"href":"https:\/\/lambadavip.store\/index.php\/wp-json\/wp\/v2\/pages\/30\/revisions"}],"predecessor-version":[{"id":46,"href":"https:\/\/lambadavip.store\/index.php\/wp-json\/wp\/v2\/pages\/30\/revisions\/46"}],"wp:featuredmedia":[{"embeddable":true,"href":"https:\/\/lambadavip.store\/index.php\/wp-json\/wp\/v2\/media\/18"}],"wp:attachment":[{"href":"https:\/\/lambadavip.store\/index.php\/wp-json\/wp\/v2\/media?parent=30"}],"curies":[{"name":"wp","href":"https:\/\/api.w.org\/{rel}","templated":true}]}}