{"id":27,"date":"2025-04-13T14:07:13","date_gmt":"2025-04-13T11:07:13","guid":{"rendered":"https:\/\/lambadavip.store\/?page_id=27"},"modified":"2025-04-15T23:45:06","modified_gmt":"2025-04-15T20:45:06","slug":"misyonumuz","status":"publish","type":"page","link":"https:\/\/lambadavip.store\/index.php\/misyonumuz\/","title":{"rendered":"Misyonumuz"},"content":{"rendered":"\n<p><a href=\"https:\/\/lambadavip.store\/\">Lambadavip<\/a> Zoom Casino olarak misyonumuz, casino d\u00fcnyas\u0131na ad\u0131m atan her oyuncuya g\u00fcvenli, e\u011flenceli ve sorunsuz bir oyun deneyimi sunmakt\u0131r. Bu amaca ula\u015fmak i\u00e7in en y\u00fcksek kaliteyi, \u015feffafl\u0131\u011f\u0131 ve d\u00fcr\u00fcstl\u00fc\u011f\u00fc \u00f6n planda tutuyoruz. Modern altyap\u0131m\u0131z, kullan\u0131c\u0131 dostu aray\u00fcz\u00fcm\u00fcz ve y\u00fcksek kazan\u00e7 oranlar\u0131m\u0131zla her seviyedeki oyuncuya hitap ediyor ve oyun keyfini en \u00fcst d\u00fczeye ta\u015f\u0131may\u0131 hedefliyoruz.<\/p>\n\n\n\n<hr class=\"wp-block-separator has-alpha-channel-opacity\"\/>\n\n\n\n<h3 class=\"wp-block-heading\" id=\"h-ozel-vip-hizmetler-ve-bonus-firsatlari\">\u00d6zel VIP Hizmetler ve Bonus F\u0131rsatlar\u0131<\/h3>\n\n\n\n<p>Oyuncular\u0131m\u0131za sundu\u011fumuz VIP hizmetler ve \u00f6zel bonus f\u0131rsatlar\u0131yla, onlar\u0131n deneyimlerini daha da \u00f6zel k\u0131lmak i\u00e7in s\u00fcrekli olarak \u00e7al\u0131\u015f\u0131yoruz. Her ad\u0131mda yan\u0131n\u0131zda olmay\u0131, oyun s\u00fcrecinizde kar\u015f\u0131la\u015fabilece\u011finiz her t\u00fcrl\u00fc soruya h\u0131zl\u0131 ve etkili \u00e7\u00f6z\u00fcmler \u00fcretmeyi taahh\u00fct ediyoruz. Bu \u015fekilde, her zaman en iyi oyun deneyimini ya\u015faman\u0131z\u0131 sa\u011flamak i\u00e7in \u00e7aba g\u00f6steriyoruz.<\/p>\n\n\n\n<hr class=\"wp-block-separator has-alpha-channel-opacity\"\/>\n\n\n\n<h3 class=\"wp-block-heading\" id=\"h-canli-casino-ve-genis-oyun-yelpazesi\">Canl\u0131 Casino ve Geni\u015f Oyun Yelpazesi<\/h3>\n\n\n\n<p>Lambadavip Zoom Casino, yaln\u0131zca bir oyun platformu olman\u0131n \u00e7ok \u00f6tesinde bir deneyim sunar. Geni\u015f oyun yelpazemiz ve ger\u00e7ek krupiyelerle sunulan canl\u0131 casino se\u00e7enekleriyle heyecan\u0131 her an ya\u015fars\u0131n\u0131z. Ayr\u0131ca, an\u0131nda \u00f6deme ve 7\/24 eri\u015fim imk\u00e2nlar\u0131yla e\u011flence ve kazanc\u0131n tam merkezinde olursunuz. Her oyun, y\u00fcksek kazan\u00e7 oranlar\u0131 ve s\u00fcrpriz bonus f\u0131rsatlar\u0131yla daha da heyecanl\u0131 hale geliyor. <\/p>\n\n\n\n<hr class=\"wp-block-separator has-alpha-channel-opacity\"\/>\n\n\n\n<h3 class=\"wp-block-heading\" id=\"h-kesintisiz-destek-ve-guvenli-oyun\">Kesintisiz Destek ve G\u00fcvenli Oyun<\/h3>\n\n\n\n<p>Amac\u0131m\u0131z, oyuncular\u0131m\u0131z\u0131n her an\u0131n\u0131 keyifle ge\u00e7irmesini sa\u011flamakt\u0131r. Ayr\u0131ca, oyun deneyimlerini kesintisiz ve g\u00fcvenli s\u00fcrd\u00fcrebilmeleri i\u00e7in gereken deste\u011fi sa\u011flamaya \u00f6zen g\u00f6steriyoruz. Deneyimli canl\u0131 destek ekibimiz, sorular\u0131n\u0131za h\u0131zl\u0131 yan\u0131tlar verir. Ayr\u0131ca, her t\u00fcrl\u00fc sorunuzu en etkili \u015fekilde \u00e7\u00f6zmek i\u00e7in daima burada bulunur. Oyuncular\u0131m\u0131za her zaman ula\u015f\u0131labilir olmay\u0131, onlar\u0131n ihtiya\u00e7lar\u0131na en h\u0131zl\u0131 \u015fekilde cevap verebilmeyi \u00f6n planda tutuyoruz.<\/p>\n\n\n\n<hr class=\"wp-block-separator has-alpha-channel-opacity\"\/>\n\n\n\n<h3 class=\"wp-block-heading\" id=\"h-sorumlu-oyun-anlayisi-ve-guvenlik\">Sorumlu Oyun Anlay\u0131\u015f\u0131 ve G\u00fcvenlik<\/h3>\n\n\n\n<p>G\u00fcvenli ve sorumlu oyun anlay\u0131\u015f\u0131m\u0131zla, her oyuncumuzun sa\u011fl\u0131kl\u0131 bir oyun deneyimi ya\u015famas\u0131n\u0131 garanti ediyoruz. Ayr\u0131ca, s\u00fcrekli olarak yenilik\u00e7i \u00e7\u00f6z\u00fcmler ve iyile\u015ftirmelerle, oyun deneyiminizi her ge\u00e7en g\u00fcn daha da geli\u015ftirmeyi hedefliyoruz. Lambadavip Zoom <a href=\"https:\/\/heylink.me\/k\u0131br\u0131szoom\/\" target=\"_blank\" rel=\"noopener\">Casino<\/a> olarak g\u00fcvenli, sorunsuz ve heyecan dolu bir platform sunuyoruz.<\/p>\n\n\n\n<hr class=\"wp-block-separator has-alpha-channel-opacity\"\/>\n\n\n\n<h3 class=\"wp-block-heading\" id=\"h-kazancli-ve-eglenceli-bir-yolculuk\">Kazan\u00e7l\u0131 ve E\u011flenceli Bir Yolculuk<\/h3>\n\n\n\n<p>Bize kat\u0131ld\u0131\u011f\u0131n\u0131zda sadece e\u011flenceyi de\u011fil, ayn\u0131 zamanda kazan\u00e7l\u0131 bir yolculu\u011fu da ke\u015ffetmi\u015f olursunuz. Her zaman oyuncular\u0131m\u0131z\u0131n bir ad\u0131m \u00f6nde olmas\u0131n\u0131 sa\u011flayacak f\u0131rsatlar ve avantajlarla dolu bir deneyim sunuyoruz. K\u0131br\u0131s\u2019ta bulunan en prestijli casinolar\u0131 ke\u015ffetmek ve e\u011flencenin keyfini doyas\u0131ya s\u00fcrmek istiyorsan\u0131z, do\u011fru yerdesiniz. \u00c7\u00fcnk\u00fc kazanc\u0131n\u0131z\u0131 katlamak i\u00e7in ihtiyac\u0131n\u0131z olan her \u015fey Lambadavip Zoom Casino\u2019da sizi bekliyor!<\/p>\n\n\n\n<hr class=\"wp-block-separator has-alpha-channel-opacity\"\/>\n\n\n\n<h3 class=\"wp-block-heading\" id=\"h-sonuc-mukemmel-bir-deneyim-icin-lambadavip-zoom-casino\">Sonu\u00e7: M\u00fckemmel Bir Deneyim \u0130\u00e7in Lambadavip Zoom Casino<\/h3>\n\n\n\n<p>Sonu\u00e7 olarak, misyonumuz, her oyuncumuzun her zaman yan\u0131nday\u0131z. Ayn\u0131 zamanda oyun keyfini g\u00fcvenle ya\u015fatmak ve e\u011flencenin her an\u0131n\u0131 doyas\u0131ya ya\u015faman\u0131z\u0131 sa\u011flamakt\u0131r. Lambadavip <a href=\"https:\/\/www.kibriszoomslot.com\/\" target=\"_blank\" rel=\"noopener\">Zoom<\/a> Casino, her zaman sizinle olacak ve her an\u0131n<\/p>\n","protected":false},"excerpt":{"rendered":"<p>Lambadavip Zoom Casino olarak misyonumuz, casino d\u00fcnyas\u0131na ad\u0131m atan her oyuncuya g\u00fcvenli, e\u011flenceli ve sorunsuz bir oyun deneyimi sunmakt\u0131r. Bu [&hellip;]<\/p>\n","protected":false},"author":1,"featured_media":18,"parent":0,"menu_order":0,"comment_status":"closed","ping_status":"closed","template":"","meta":{"site-sidebar-layout":"default","site-content-layout":"","ast-site-content-layout":"","site-content-style":"default","site-sidebar-style":"default","ast-global-header-display":"","ast-banner-title-visibility":"","ast-main-header-display":"","ast-hfb-above-header-display":"","ast-hfb-below-header-display":"","ast-hfb-mobile-header-display":"","site-post-title":"","ast-breadcrumbs-content":"","ast-featured-img":"disabled","footer-sml-layout":"","theme-transparent-header-meta":"","adv-header-id-meta":"","stick-header-meta":"","header-above-stick-meta":"","header-main-stick-meta":"","header-below-stick-meta":"","astra-migrate-meta-layouts":"default","ast-page-background-enabled":"default","ast-page-background-meta":{"desktop":{"background-color":"var(--ast-global-color-5)","background-image":"","background-repeat":"repeat","background-position":"center center","background-size":"auto","background-attachment":"scroll","background-type":"","background-media":"","overlay-type":"","overlay-color":"","overlay-opacity":"","overlay-gradient":""},"tablet":{"background-color":"","background-image":"","background-repeat":"repeat","background-position":"center center","background-size":"auto","background-attachment":"scroll","background-type":"","background-media":"","overlay-type":"","overlay-color":"","overlay-opacity":"","overlay-gradient":""},"mobile":{"background-color":"","background-image":"","background-repeat":"repeat","background-position":"center center","background-size":"auto","background-attachment":"scroll","background-type":"","background-media":"","overlay-type":"","overlay-color":"","overlay-opacity":"","overlay-gradient":""}},"ast-content-background-meta":{"desktop":{"background-color":"var(--ast-global-color-4)","background-image":"","background-repeat":"repeat","background-position":"center center","background-size":"auto","background-attachment":"scroll","background-type":"","background-media":"","overlay-type":"","overlay-color":"","overlay-opacity":"","overlay-gradient":""},"tablet":{"background-color":"var(--ast-global-color-4)","background-image":"","background-repeat":"repeat","background-position":"center center","background-size":"auto","background-attachment":"scroll","background-type":"","background-media":"","overlay-type":"","overlay-color":"","overlay-opacity":"","overlay-gradient":""},"mobile":{"background-color":"var(--ast-global-color-4)","background-image":"","background-repeat":"repeat","background-position":"center center","background-size":"auto","background-attachment":"scroll","background-type":"","background-media":"","overlay-type":"","overlay-color":"","overlay-opacity":"","overlay-gradient":""}},"footnotes":""},"class_list":["post-27","page","type-page","status-publish","has-post-thumbnail","hentry"],"_links":{"self":[{"href":"https:\/\/lambadavip.store\/index.php\/wp-json\/wp\/v2\/pages\/27","targetHints":{"allow":["GET"]}}],"collection":[{"href":"https:\/\/lambadavip.store\/index.php\/wp-json\/wp\/v2\/pages"}],"about":[{"href":"https:\/\/lambadavip.store\/index.php\/wp-json\/wp\/v2\/types\/page"}],"author":[{"embeddable":true,"href":"https:\/\/lambadavip.store\/index.php\/wp-json\/wp\/v2\/users\/1"}],"replies":[{"embeddable":true,"href":"https:\/\/lambadavip.store\/index.php\/wp-json\/wp\/v2\/comments?post=27"}],"version-history":[{"count":2,"href":"https:\/\/lambadavip.store\/index.php\/wp-json\/wp\/v2\/pages\/27\/revisions"}],"predecessor-version":[{"id":45,"href":"https:\/\/lambadavip.store\/index.php\/wp-json\/wp\/v2\/pages\/27\/revisions\/45"}],"wp:featuredmedia":[{"embeddable":true,"href":"https:\/\/lambadavip.store\/index.php\/wp-json\/wp\/v2\/media\/18"}],"wp:attachment":[{"href":"https:\/\/lambadavip.store\/index.php\/wp-json\/wp\/v2\/media?parent=27"}],"curies":[{"name":"wp","href":"https:\/\/api.w.org\/{rel}","templated":true}]}}