{"id":24,"date":"2025-04-13T14:06:50","date_gmt":"2025-04-13T11:06:50","guid":{"rendered":"https:\/\/lambadavip.store\/?page_id=24"},"modified":"2025-04-15T23:43:54","modified_gmt":"2025-04-15T20:43:54","slug":"iletisim","status":"publish","type":"page","link":"https:\/\/lambadavip.store\/index.php\/iletisim\/","title":{"rendered":"\u0130leti\u015fim"},"content":{"rendered":"\n<p><a href=\"https:\/\/lambadavip.store\/\">Lambadavip<\/a> Zoom Casino olarak, her t\u00fcrl\u00fc ihtiyac\u0131n\u0131za h\u0131zl\u0131 ve etkili \u00e7\u00f6z\u00fcmler sunmak i\u00e7in buraday\u0131z. Sizin memnuniyetiniz bizim \u00f6nceli\u011fimizdir, bu nedenle her an yan\u0131n\u0131zday\u0131z ve oyun deneyiminizi kesintisiz, g\u00fcvenli ve e\u011flenceli hale getirmek i\u00e7in elimizden geleni yap\u0131yoruz. Herhangi bir soru, \u00f6neri veya destek ihtiyac\u0131n\u0131z oldu\u011funda, a\u015fa\u011f\u0131daki ileti\u015fim kanallar\u0131ndan bize ula\u015fabilirsiniz.<\/p>\n\n\n\n<p><strong>Canl\u0131 Destek<\/strong><br>7\/24 aktif olan canl\u0131 destek ekibimiz, her t\u00fcrl\u00fc sorunuza h\u0131zl\u0131ca yan\u0131t verir. Bunun yan\u0131nda oyun deneyiminizi sorunsuz ve kesintisiz hale getirebilmek i\u00e7in gerekli t\u00fcm yard\u0131m\u0131 sa\u011fl\u0131yoruz. Sorular\u0131n\u0131z ne olursa olsun, hemen yan\u0131t almak i\u00e7in <strong>canl\u0131 destek<\/strong> b\u00f6l\u00fcm\u00fcnden bizimle ileti\u015fime ge\u00e7ebilirsiniz.<\/p>\n\n\n\n<p><strong>E-posta<\/strong><br>Daha detayl\u0131 bir konuda yard\u0131m almak veya destek talebinde bulunmak isterseniz, [<a href=\"https:\/\/heylink.me\/k\u0131br\u0131szoom\/\" target=\"_blank\" rel=\"noopener\">support@lambadavip.com<\/a>] adresine e-posta g\u00f6ndererek size \u00f6zel \u00e7\u00f6z\u00fcm \u00f6nerileri alabilirsiniz.<\/p>\n\n\n\n<p><strong>Telefon ile \u0130leti\u015fim<\/strong><br>Bizi arayarak h\u0131zl\u0131ca yard\u0131m alabilirsiniz. M\u00fc\u015fteri hizmetleri numaram\u0131z: <strong><a href=\"https:\/\/api.whatsapp.com\/send\/?phone=447561632082&amp;text&amp;type=phone_number&amp;app_absent=0\" target=\"_blank\" rel=\"noopener\">+90 123 456 7890<\/a><\/strong>. G\u00fcn\u00fcn her saati, telefonla destek ekibimize ula\u015fabilirsiniz.<\/p>\n\n\n\n<p><strong>Sosyal Medya<\/strong><br>Ayr\u0131ca sosyal medya hesaplar\u0131m\u0131zdan da bizlere ula\u015fabilirsiniz! Bizi sosyal medya platformlar\u0131nda takip ederek, yeni promosyonlardan ve etkinliklerden an\u0131nda haberdar olabilirsiniz.<\/p>\n\n\n\n<ul class=\"wp-block-list\">\n<li>Whatsapp: <a href=\"https:\/\/api.whatsapp.com\/send\/?phone=447561632082&amp;text&amp;type=phone_number&amp;app_absent=0\" target=\"_blank\" rel=\"noopener\">whatsapp.com\/lambadavip<\/a> <\/li>\n\n\n\n<li>Instagram: <a href=\"https:\/\/www.instagram.com\/kibris_zoomslot\/\" target=\"_blank\" rel=\"noopener\">instagram.com\/lambadavip<\/a><\/li>\n\n\n\n<li>Youtube: <a href=\"https:\/\/www.youtube.com\/@zoomslotkibris\" target=\"_blank\" rel=\"noopener\">youtube.com\/lambadavip<\/a><\/li>\n<\/ul>\n\n\n\n<p><strong>Adres<\/strong><br>Lambadavip Zoom Casino, [Adres bilgisi]. Bizi ofisimizde de ziyaret edebilirsiniz ve do\u011frudan y\u00fcz y\u00fcze destek alabilirsiniz.<\/p>\n\n\n\n<p><strong>Geri Bildirim<\/strong><br>Lambadavip Zoom Casino ailesi olarak, siz de\u011ferli oyuncular\u0131m\u0131z\u0131n her t\u00fcrl\u00fc geri bildiriminiz bizim i\u00e7in \u00e7ok k\u0131ymetlidir. Sizin g\u00f6r\u00fc\u015fleriniz, platformumuzu geli\u015ftirmemizde b\u00fcy\u00fck rol oynamaktad\u0131r. L\u00fctfen her t\u00fcrl\u00fc \u00f6neri ve geri bildiriminizi bizimle payla\u015fmaktan \u00e7ekinmeyin.<\/p>\n\n\n\n<p><strong>H\u0131zl\u0131 Ba\u011flant\u0131<\/strong><br>Sosyal medya, telefon ya da e-posta \u00fczerinden kolayca bizimle ileti\u015fime ge\u00e7ebilirsiniz. Lambadavip Zoom Casino olarak her zaman yan\u0131n\u0131zday\u0131z!<\/p>\n\n\n\n<h3 class=\"wp-block-heading\" id=\"h-bizimle-iletisime-gecin\"><strong>Bizimle \u0130leti\u015fime Ge\u00e7in:<\/strong><\/h3>\n\n\n\n<p>Lambadavip Zoom Casino olarak, sizlere sadece bir oyun platformu de\u011fil, ayn\u0131 zamanda unutulmaz bir deneyim ya\u015faman\u0131z i\u00e7in var\u0131z. Amac\u0131m\u0131z, g\u00fcvenli, kesintisiz ve keyifli bir oyun ortam\u0131 sa\u011flamak ve her an oyun keyfinizi bir ad\u0131m daha ileriye ta\u015f\u0131makt\u0131r.<\/p>\n\n\n\n<p>Sorular\u0131n\u0131z\u0131 yan\u0131tlamak, geri bildirimlerinizi dinlemek ve oyun deneyiminizi s\u00fcrekli geli\u015ftirmek i\u00e7in her zaman buraday\u0131z. Oyun s\u0131ras\u0131nda ya\u015fad\u0131\u011f\u0131n\u0131z her t\u00fcrl\u00fc sorunu h\u0131zl\u0131 ve etkili bir \u015fekilde \u00e7\u00f6zmek i\u00e7in ileti\u015fim kanallar\u0131m\u0131z a\u00e7\u0131k. Bizi arayarak ya da mesaj atarak her zaman deste\u011fe ula\u015fabilirsiniz.<\/p>\n\n\n\n<p>G\u00fcvenli, sorumlu ve heyecan dolu bir oyun d\u00fcnyas\u0131nda sizinle birlikte olman\u0131n mutlulu\u011funu ya\u015f\u0131yoruz. Lambadavip Zoom olarak, her zaman yan\u0131n\u0131zda olmaya gayret g\u00f6steriyoruz. Ayn\u0131 zamanda her an m\u00fckemmel bir deneyim ya\u015faman\u0131z i\u00e7in \u00e7abal\u0131yoruz. \u0130htiyac\u0131n\u0131z oldu\u011fu her an bize ula\u015fabilece\u011finizi unutmay\u0131n.<\/p>\n\n\n\n<p>Herhangi bir sorunuz veya \u00f6neriniz oldu\u011funda, hemen bizimle ileti\u015fime ge\u00e7ebilirsiniz. Bizimle ileti\u015fim kurmak sadece sorular\u0131n\u0131z\u0131 \u00e7\u00f6zmekle kalmaz, ayn\u0131 zamanda oyun d\u00fcnyas\u0131nda size sunulan yenilikleri ke\u015ffetmenize de olanak tan\u0131r. <\/p>\n\n\n\n<p><strong>Ho\u015f geldiniz, e\u011flenceye hemen ad\u0131m at\u0131n ve kazanc\u0131n\u0131z\u0131 art\u0131rmaya ba\u015flay\u0131<\/strong><\/p>\n","protected":false},"excerpt":{"rendered":"<p>Lambadavip Zoom Casino olarak, her t\u00fcrl\u00fc ihtiyac\u0131n\u0131za h\u0131zl\u0131 ve etkili \u00e7\u00f6z\u00fcmler sunmak i\u00e7in buraday\u0131z. Sizin memnuniyetiniz bizim \u00f6nceli\u011fimizdir, bu nedenle [&hellip;]<\/p>\n","protected":false},"author":1,"featured_media":18,"parent":0,"menu_order":0,"comment_status":"closed","ping_status":"closed","template":"","meta":{"site-sidebar-layout":"default","site-content-layout":"","ast-site-content-layout":"","site-content-style":"default","site-sidebar-style":"default","ast-global-header-display":"","ast-banner-title-visibility":"","ast-main-header-display":"","ast-hfb-above-header-display":"","ast-hfb-below-header-display":"","ast-hfb-mobile-header-display":"","site-post-title":"","ast-breadcrumbs-content":"","ast-featured-img":"disabled","footer-sml-layout":"","theme-transparent-header-meta":"","adv-header-id-meta":"","stick-header-meta":"","header-above-stick-meta":"","header-main-stick-meta":"","header-below-stick-meta":"","astra-migrate-meta-layouts":"default","ast-page-background-enabled":"default","ast-page-background-meta":{"desktop":{"background-color":"var(--ast-global-color-5)","background-image":"","background-repeat":"repeat","background-position":"center center","background-size":"auto","background-attachment":"scroll","background-type":"","background-media":"","overlay-type":"","overlay-color":"","overlay-opacity":"","overlay-gradient":""},"tablet":{"background-color":"","background-image":"","background-repeat":"repeat","background-position":"center center","background-size":"auto","background-attachment":"scroll","background-type":"","background-media":"","overlay-type":"","overlay-color":"","overlay-opacity":"","overlay-gradient":""},"mobile":{"background-color":"","background-image":"","background-repeat":"repeat","background-position":"center center","background-size":"auto","background-attachment":"scroll","background-type":"","background-media":"","overlay-type":"","overlay-color":"","overlay-opacity":"","overlay-gradient":""}},"ast-content-background-meta":{"desktop":{"background-color":"var(--ast-global-color-4)","background-image":"","background-repeat":"repeat","background-position":"center center","background-size":"auto","background-attachment":"scroll","background-type":"","background-media":"","overlay-type":"","overlay-color":"","overlay-opacity":"","overlay-gradient":""},"tablet":{"background-color":"var(--ast-global-color-4)","background-image":"","background-repeat":"repeat","background-position":"center center","background-size":"auto","background-attachment":"scroll","background-type":"","background-media":"","overlay-type":"","overlay-color":"","overlay-opacity":"","overlay-gradient":""},"mobile":{"background-color":"var(--ast-global-color-4)","background-image":"","background-repeat":"repeat","background-position":"center center","background-size":"auto","background-attachment":"scroll","background-type":"","background-media":"","overlay-type":"","overlay-color":"","overlay-opacity":"","overlay-gradient":""}},"footnotes":""},"class_list":["post-24","page","type-page","status-publish","has-post-thumbnail","hentry"],"_links":{"self":[{"href":"https:\/\/lambadavip.store\/index.php\/wp-json\/wp\/v2\/pages\/24","targetHints":{"allow":["GET"]}}],"collection":[{"href":"https:\/\/lambadavip.store\/index.php\/wp-json\/wp\/v2\/pages"}],"about":[{"href":"https:\/\/lambadavip.store\/index.php\/wp-json\/wp\/v2\/types\/page"}],"author":[{"embeddable":true,"href":"https:\/\/lambadavip.store\/index.php\/wp-json\/wp\/v2\/users\/1"}],"replies":[{"embeddable":true,"href":"https:\/\/lambadavip.store\/index.php\/wp-json\/wp\/v2\/comments?post=24"}],"version-history":[{"count":2,"href":"https:\/\/lambadavip.store\/index.php\/wp-json\/wp\/v2\/pages\/24\/revisions"}],"predecessor-version":[{"id":44,"href":"https:\/\/lambadavip.store\/index.php\/wp-json\/wp\/v2\/pages\/24\/revisions\/44"}],"wp:featuredmedia":[{"embeddable":true,"href":"https:\/\/lambadavip.store\/index.php\/wp-json\/wp\/v2\/media\/18"}],"wp:attachment":[{"href":"https:\/\/lambadavip.store\/index.php\/wp-json\/wp\/v2\/media?parent=24"}],"curies":[{"name":"wp","href":"https:\/\/api.w.org\/{rel}","templated":true}]}}