{"id":21,"date":"2025-04-13T14:06:35","date_gmt":"2025-04-13T11:06:35","guid":{"rendered":"https:\/\/lambadavip.store\/?page_id=21"},"modified":"2025-04-15T23:43:06","modified_gmt":"2025-04-15T20:43:06","slug":"hakkimizda","status":"publish","type":"page","link":"https:\/\/lambadavip.store\/index.php\/hakkimizda\/","title":{"rendered":"Hakk\u0131m\u0131zda"},"content":{"rendered":"\n<p><a href=\"https:\/\/lambadavip.store\/\">Lambadavip<\/a>, online casino d\u00fcnyas\u0131nda yenilik\u00e7i ve kullan\u0131c\u0131 dostu yakla\u015f\u0131m\u0131yla \u00f6ne \u00e7\u0131kan bir platformdur. K\u0131br\u0131s\u2019\u0131n en se\u00e7kin casino otellerini ve en pop\u00fcler oyun se\u00e7eneklerini tek bir \u00e7at\u0131 alt\u0131nda topluyoruz. Ayn\u0131 zamanda her oyuncuya heyecan dolu ve g\u00fcvenli bir deneyim sunuyoruz. Modern altyap\u0131m\u0131z, y\u00fcksek kazan\u00e7 oranlar\u0131 ve kullan\u0131c\u0131 dostu aray\u00fcz\u00fcm\u00fczle, 7\/24 kesintisiz hizmet sa\u011fl\u0131yoruz. Bunlar\u0131n sayesinde her seviyeden oyuncu i\u00e7in ideal bir ortam olu\u015fturuyoruz.<\/p>\n\n\n\n<p>Amac\u0131m\u0131z, yaln\u0131zca e\u011flence de\u011fil, ayn\u0131 zamanda kazan\u00e7 f\u0131rsatlar\u0131yla dolu bir d\u00fcnya sunmakt\u0131r. En sevilen slot oyunlar\u0131, an\u0131nda \u00f6deme se\u00e7enekleri ve g\u00fcvenli oyun ortam\u0131m\u0131zla fark\u0131m\u0131z\u0131 hemen ke\u015ffedin. Lambadavip, size sadece bir oyun platformu de\u011fil, ayn\u0131 zamanda ger\u00e7ek zamanl\u0131 destek sunmaktad\u0131r. Bunun yan\u0131 s\u0131ra VIP ayr\u0131cal\u0131klar ve s\u00fcrekli yenilenen kampanyalarla zenginle\u015ftirilmi\u015f bir casino deneyimi sunar.<\/p>\n\n\n\n<hr class=\"wp-block-separator has-alpha-channel-opacity\"\/>\n\n\n\n<h3 class=\"wp-block-heading\" id=\"h-her-zaman-yaninizdayiz\"><strong>Her Zaman Yan\u0131n\u0131zday\u0131z<\/strong><\/h3>\n\n\n\n<p>Lambadavip, her an yan\u0131n\u0131zda olan uzman destek ekibiyle g\u00fcvenli ve sorunsuz bir deneyim sa\u011flar. Canl\u0131 destek ekibimiz, oyun s\u0131ras\u0131nda ihtiya\u00e7 duydu\u011funuz her an size h\u0131zl\u0131 ve etkili \u00e7\u00f6z\u00fcmler sunar. 7\/24 destek alabilece\u011finiz profesyonel ekibimizle, oyun keyfiniz kesintisiz ve rahat bir \u015fekilde devam eder.<\/p>\n\n\n\n<hr class=\"wp-block-separator has-alpha-channel-opacity\"\/>\n\n\n\n<h3 class=\"wp-block-heading\" id=\"h-kazanc-ve-eglencede-zirve\"><strong>Kazan\u00e7 ve E\u011flencede Zirve<\/strong><\/h3>\n\n\n\n<p>Kazanc\u0131n\u0131z\u0131 katlamak i\u00e7in sunmu\u015f oldu\u011fumuz y\u00fcksek oranl\u0131 bonuslar, s\u00fcrpriz \u00f6d\u00fcller ve cazip kampanyalarla her an daha fazla kazan\u00e7 elde etme f\u0131rsat\u0131na sahipsiniz. Lambadavip\u2019in sundu\u011fu VIP \u00fcyelik ayr\u0131cal\u0131klar\u0131yla her zaman bir ad\u0131m \u00f6nde olabilir, \u00f6ncelikli f\u0131rsatlar ve s\u0131n\u0131rs\u0131z ayr\u0131cal\u0131klarla oyun deneyiminizi ta\u00e7land\u0131rabilirsiniz.<\/p>\n\n\n\n<hr class=\"wp-block-separator has-alpha-channel-opacity\"\/>\n\n\n\n<h3 class=\"wp-block-heading\" id=\"h-kibris-taki-en-iyi-casinolar-sizinle\"><strong>K\u0131br\u0131s\u2019taki En \u0130yi Casinolar, Sizinle!<\/strong><\/h3>\n\n\n\n<p><a href=\"https:\/\/www.kibriszoomslot.com\/\" target=\"_blank\" rel=\"noopener\">K\u0131br\u0131s Zoom Slot<\/a> ile, K\u0131br\u0131s\u2019taki en prestijli kumarhaneleri ke\u015ffetmek hi\u00e7 bu kadar kolay olmam\u0131\u015ft\u0131. Zengin slot se\u00e7enekleri, masa oyunlar\u0131 ve s\u00fcrekli g\u00fcncellenen promosyonlarla, her zaman heyecan dolu bir deneyim sizleri bekliyor. Ayr\u0131ca, kullan\u0131c\u0131 dostu rehber yaz\u0131lar\u0131m\u0131z, etkinlik takvimimiz ve g\u00fcncel kampanyalar\u0131m\u0131zla size en iyi casino deneyimini sunuyoruz.<\/p>\n\n\n\n<hr class=\"wp-block-separator has-alpha-channel-opacity\"\/>\n\n\n\n<h3 class=\"wp-block-heading\" id=\"h-mobil-uyumlu-hizli-ve-guvenli\"><strong>Mobil Uyumlu, H\u0131zl\u0131 ve G\u00fcvenli<\/strong><\/h3>\n\n\n\n<p>\u0130ster mobilde, ister masa\u00fcst\u00fcnde olun, Lambadavip Zoom Casino\u2019nun sundu\u011fu kesintisiz e\u011flence sunuyoruz. Ayr\u0131ca, kazan\u00e7 f\u0131rsatlar\u0131na her zaman kolayca eri\u015febilirsiniz. Mobil uyumlu platformumuz sayesinde diledi\u011finiz her yerden oyunun keyfini \u00e7\u0131karabilir, kazanc\u0131n\u0131za an\u0131nda ula\u015fabilirsiniz.<\/p>\n\n\n\n<hr class=\"wp-block-separator has-alpha-channel-opacity\"\/>\n\n\n\n<h3 class=\"wp-block-heading\" id=\"h-sorumlu-ve-guvenli-oyun\"><strong>Sorumlu ve G\u00fcvenli Oyun<\/strong><\/h3>\n\n\n\n<p>Lambadavip olarak, kullan\u0131c\u0131lar\u0131m\u0131z\u0131n g\u00fcvenli\u011fini ve konforunu her zaman \u00f6n planda tutuyoruz. Etik ve sorumlu oyun anlay\u0131\u015f\u0131m\u0131zla, g\u00fcvenli bir oyun ortam\u0131 sa\u011flayarak kazan\u00e7 elde ederken keyifli ve g\u00fcvenli bir deneyim ya\u015faman\u0131z\u0131 garanti ediyoruz.<\/p>\n\n\n\n<hr class=\"wp-block-separator has-alpha-channel-opacity\"\/>\n\n\n\n<p><strong>Sonu\u00e7 Olarak: Lambadavip \u0130le G\u00fcvenli ve Kazan\u00e7l\u0131 Bir Deneyim<\/strong><\/p>\n\n\n\n<p><a href=\"https:\/\/heylink.me\/k\u0131br\u0131szoom\/\" target=\"_blank\" rel=\"noopener\">Lambadavip<\/a>, sadece oyun de\u011fil, ayn\u0131 zamanda kazan\u00e7 dolu, e\u011flenceli<\/p>\n","protected":false},"excerpt":{"rendered":"<p>Lambadavip, online casino d\u00fcnyas\u0131nda yenilik\u00e7i ve kullan\u0131c\u0131 dostu yakla\u015f\u0131m\u0131yla \u00f6ne \u00e7\u0131kan bir platformdur. K\u0131br\u0131s\u2019\u0131n en se\u00e7kin casino otellerini ve en [&hellip;]<\/p>\n","protected":false},"author":1,"featured_media":18,"parent":0,"menu_order":0,"comment_status":"closed","ping_status":"closed","template":"","meta":{"site-sidebar-layout":"default","site-content-layout":"","ast-site-content-layout":"","site-content-style":"default","site-sidebar-style":"default","ast-global-header-display":"","ast-banner-title-visibility":"","ast-main-header-display":"","ast-hfb-above-header-display":"","ast-hfb-below-header-display":"","ast-hfb-mobile-header-display":"","site-post-title":"","ast-breadcrumbs-content":"","ast-featured-img":"disabled","footer-sml-layout":"","theme-transparent-header-meta":"","adv-header-id-meta":"","stick-header-meta":"","header-above-stick-meta":"","header-main-stick-meta":"","header-below-stick-meta":"","astra-migrate-meta-layouts":"default","ast-page-background-enabled":"default","ast-page-background-meta":{"desktop":{"background-color":"var(--ast-global-color-5)","background-image":"","background-repeat":"repeat","background-position":"center center","background-size":"auto","background-attachment":"scroll","background-type":"","background-media":"","overlay-type":"","overlay-color":"","overlay-opacity":"","overlay-gradient":""},"tablet":{"background-color":"","background-image":"","background-repeat":"repeat","background-position":"center center","background-size":"auto","background-attachment":"scroll","background-type":"","background-media":"","overlay-type":"","overlay-color":"","overlay-opacity":"","overlay-gradient":""},"mobile":{"background-color":"","background-image":"","background-repeat":"repeat","background-position":"center center","background-size":"auto","background-attachment":"scroll","background-type":"","background-media":"","overlay-type":"","overlay-color":"","overlay-opacity":"","overlay-gradient":""}},"ast-content-background-meta":{"desktop":{"background-color":"var(--ast-global-color-4)","background-image":"","background-repeat":"repeat","background-position":"center center","background-size":"auto","background-attachment":"scroll","background-type":"","background-media":"","overlay-type":"","overlay-color":"","overlay-opacity":"","overlay-gradient":""},"tablet":{"background-color":"var(--ast-global-color-4)","background-image":"","background-repeat":"repeat","background-position":"center center","background-size":"auto","background-attachment":"scroll","background-type":"","background-media":"","overlay-type":"","overlay-color":"","overlay-opacity":"","overlay-gradient":""},"mobile":{"background-color":"var(--ast-global-color-4)","background-image":"","background-repeat":"repeat","background-position":"center center","background-size":"auto","background-attachment":"scroll","background-type":"","background-media":"","overlay-type":"","overlay-color":"","overlay-opacity":"","overlay-gradient":""}},"footnotes":""},"class_list":["post-21","page","type-page","status-publish","has-post-thumbnail","hentry"],"_links":{"self":[{"href":"https:\/\/lambadavip.store\/index.php\/wp-json\/wp\/v2\/pages\/21","targetHints":{"allow":["GET"]}}],"collection":[{"href":"https:\/\/lambadavip.store\/index.php\/wp-json\/wp\/v2\/pages"}],"about":[{"href":"https:\/\/lambadavip.store\/index.php\/wp-json\/wp\/v2\/types\/page"}],"author":[{"embeddable":true,"href":"https:\/\/lambadavip.store\/index.php\/wp-json\/wp\/v2\/users\/1"}],"replies":[{"embeddable":true,"href":"https:\/\/lambadavip.store\/index.php\/wp-json\/wp\/v2\/comments?post=21"}],"version-history":[{"count":2,"href":"https:\/\/lambadavip.store\/index.php\/wp-json\/wp\/v2\/pages\/21\/revisions"}],"predecessor-version":[{"id":43,"href":"https:\/\/lambadavip.store\/index.php\/wp-json\/wp\/v2\/pages\/21\/revisions\/43"}],"wp:featuredmedia":[{"embeddable":true,"href":"https:\/\/lambadavip.store\/index.php\/wp-json\/wp\/v2\/media\/18"}],"wp:attachment":[{"href":"https:\/\/lambadavip.store\/index.php\/wp-json\/wp\/v2\/media?parent=21"}],"curies":[{"name":"wp","href":"https:\/\/api.w.org\/{rel}","templated":true}]}}