{"id":16,"date":"2025-04-13T14:06:11","date_gmt":"2025-04-13T11:06:11","guid":{"rendered":"https:\/\/lambadavip.store\/?page_id=16"},"modified":"2025-04-15T23:42:22","modified_gmt":"2025-04-15T20:42:22","slug":"anas-ayfa","status":"publish","type":"page","link":"https:\/\/lambadavip.store\/","title":{"rendered":"Anasayfa"},"content":{"rendered":"\n<div class=\"wp-block-cover alignfull is-light wp-duotone-unset-1\" style=\"min-height:720px;aspect-ratio:unset;\"><span aria-hidden=\"true\" class=\"wp-block-cover__background has-background-dim-100 has-background-dim has-background-gradient\" style=\"background:linear-gradient(35deg,rgb(6,0,151) 0%,rgb(130,4,255) 73%,rgb(193,15,255) 100%)\"><\/span><div class=\"wp-block-cover__inner-container is-layout-flow wp-block-cover-is-layout-flow\">\n<div class=\"inherit-container-width wp-block-group alignwide is-layout-constrained wp-block-group-is-layout-constrained\">\n<div class=\"wp-block-media-text alignwide has-media-on-the-right is-stacked-on-mobile is-vertically-aligned-center\" style=\"grid-template-columns:auto 40%\"><div class=\"wp-block-media-text__content\">\n<h1 class=\"wp-block-heading has-text-align-left has-white-color has-text-color\" id=\"h-lambadavip-zoom-casino\"><a href=\"https:\/\/lambadavip.store\/\">Lambadavip<\/a> Zoom Casino<\/h1>\n\n\n\n<p class=\"has-white-color has-text-color\">Lambadavip ile online casino d\u00fcnyas\u0131n\u0131n g\u00f6zde adresi Lambadavip\u2019e ho\u015f geldiniz! 7\/24 kesintisiz hizmet sunan modern altyap\u0131m\u0131z, y\u00fcksek kazan\u00e7 oranlar\u0131 ve kullan\u0131c\u0131 dostu tasar\u0131m\u0131yla sizlere keyifli bir oyun deneyimi vadediyor. En sevilen slot oyunlar\u0131, an\u0131nda \u00f6deme se\u00e7enekleri ve g\u00fcvenli oyun ortam\u0131 ile fark\u0131m\u0131z\u0131 hemen ke\u015ffedin. E\u011flence \u015fimdi ba\u015fl\u0131yor!<\/p>\n\n\n\n<div class=\"wp-block-buttons is-layout-flex wp-block-buttons-is-layout-flex\">\n<div class=\"wp-block-button\"><a class=\"wp-block-button__link wp-element-button\" href=\"https:\/\/heylink.me\/k\u0131br\u0131szoom\/\" target=\"_blank\" rel=\"noopener\">ZOOM CAS\u0130NO&#8217;YA BA\u011eLAN<\/a><\/div>\n<\/div>\n<\/div><figure class=\"wp-block-media-text__media\"><img decoding=\"async\" src=\"https:\/\/lambadavip.org\/wp-content\/uploads\/2025\/04\/giris-lam-1024x1024.png\" alt=\"\" class=\"wp-image-20 size-full\"\/><\/figure><\/div>\n<\/div>\n<\/div><\/div>\n\n\n\n<div class=\"wp-block-group alignfull has-ast-global-color-5-background-color has-background is-layout-constrained wp-container-core-group-is-layout-9cedb757 wp-block-group-is-layout-constrained\" style=\"padding-bottom:0px\">\n<div class=\"wp-block-columns are-vertically-aligned-top is-layout-flex wp-container-core-columns-is-layout-00723822 wp-block-columns-is-layout-flex\">\n<div class=\"wp-block-column is-vertically-aligned-top is-layout-flow wp-container-core-column-is-layout-6b73ce23 wp-block-column-is-layout-flow\">\n<figure class=\"wp-block-image size-large\"><img decoding=\"async\" src=\"https:\/\/zoomcasinogiris.net\/wp-content\/themes\/astra\/inc\/assets\/images\/starter-content\/building.svg\" alt=\"\" class=\"wp-image-134\"\/><\/figure>\n\n\n\n<h3 class=\"wp-block-heading has-text-align-left\" id=\"h-vip\" style=\"margin-top:16px\">VIP<\/h3>\n\n\n\n<p class=\"has-text-align-left\">Avantajlarla dolu bu ayr\u0131cal\u0131kl\u0131 d\u00fcnyaya \u015fimdi kat\u0131l\u0131n! \u00d6zel promosyonlarla oyuna g\u00fc\u00e7l\u00fc bir ba\u015flang\u0131\u00e7 yap\u0131n, y\u00fcksek oranl\u0131 bonuslarla kazanc\u0131n\u0131z\u0131 katlay\u0131n. Size \u00f6zel hizmetlerle fark\u0131n\u0131z\u0131 ortaya koyun, VIP \u00fcyeli\u011fin getirdi\u011fi ayr\u0131cal\u0131klarla her zaman bir ad\u0131m \u00f6nde olun. \u00d6ncelikli f\u0131rsatlar ve s\u0131n\u0131rs\u0131z ayr\u0131cal\u0131klar sadece sizi bekliyor!<\/p>\n<\/div>\n\n\n\n<div class=\"wp-block-column is-vertically-aligned-top is-layout-flow wp-container-core-column-is-layout-6b73ce23 wp-block-column-is-layout-flow\">\n<figure class=\"wp-block-image size-large\"><img decoding=\"async\" src=\"https:\/\/zoomcasinogiris.net\/wp-content\/themes\/astra\/inc\/assets\/images\/starter-content\/shopping-bag.svg\" alt=\"\" class=\"wp-image-135\"\/><\/figure>\n\n\n\n<h3 class=\"wp-block-heading has-text-align-left\" id=\"h-online\" style=\"margin-top:16px\">ONL\u0130NE<\/h3>\n\n\n\n<p class=\"has-text-align-left\">\u0130ster mobilde ister masa\u00fcst\u00fcnde olun, Lambadavip ile oyun keyfi hi\u00e7bir zaman yar\u0131da kalmaz. 7\/24 kesintisiz eri\u015fim sayesinde diledi\u011finiz her an oyuna ba\u011flan\u0131n, kald\u0131\u011f\u0131n\u0131z yerden h\u0131zla devam edin ve e\u011flencenin temposunu yakalay\u0131n. Nerede olursan\u0131z olun, heyecan daima sizinle!<\/p>\n<\/div>\n\n\n\n<div class=\"wp-block-column is-vertically-aligned-top is-layout-flow wp-container-core-column-is-layout-6b73ce23 wp-block-column-is-layout-flow\">\n<figure class=\"wp-block-image size-large\"><img decoding=\"async\" src=\"https:\/\/zoomcasinogiris.net\/wp-content\/themes\/astra\/inc\/assets\/images\/starter-content\/blog.svg\" alt=\"\" class=\"wp-image-136\"\/><\/figure>\n\n\n\n<h3 class=\"wp-block-heading has-text-align-left\" id=\"h-temsilci\" style=\"margin-top:16px\">TEMS\u0130LC\u0130<\/h3>\n\n\n\n<p class=\"has-text-align-left\">Profesyonel canl\u0131 destek ekibimiz, ihtiya\u00e7 duydu\u011funuz her an bir t\u0131k uza\u011f\u0131n\u0131zda. Sorular\u0131n\u0131za an\u0131nda yan\u0131t, sorunlar\u0131n\u0131za h\u0131zl\u0131 ve etkili \u00e7\u00f6z\u00fcmler sunarak oyun keyfinizin kesintisiz devam etmesini sa\u011fl\u0131yoruz. %100 memnuniyet garantisiyle, g\u00fcvenli ve konforlu bir deneyimin fark\u0131n\u0131 ya\u015fay\u0131n!<\/p>\n<\/div>\n\n\n\n<div class=\"wp-block-column is-vertically-aligned-top is-layout-flow wp-container-core-column-is-layout-6b73ce23 wp-block-column-is-layout-flow\">\n<figure class=\"wp-block-image size-large\"><img decoding=\"async\" src=\"https:\/\/zoomcasinogiris.net\/wp-content\/themes\/astra\/inc\/assets\/images\/starter-content\/portfolio.svg\" alt=\"\" class=\"wp-image-137\"\/><\/figure>\n\n\n\n<h3 class=\"wp-block-heading has-text-align-left\" id=\"h-bonus\" style=\"margin-top:16px\">BONUS<\/h3>\n\n\n\n<p class=\"has-text-align-left\">Ho\u015f geldin bonusuyla ilk ad\u0131m\u0131n\u0131z\u0131 avantajla at\u0131n, yat\u0131r\u0131m promosyonlar\u0131yla kazanc\u0131n\u0131z\u0131 h\u0131zla b\u00fcy\u00fct\u00fcn. S\u00fcrpriz \u00f6d\u00fcller ve dolu dolu bonus f\u0131rsatlar\u0131yla e\u011flence hi\u00e7 bitmesin! Her ad\u0131mda daha fazla kazanmak, daha \u00e7ok keyif almak i\u00e7in do\u011fru yerdesiniz.<\/p>\n<\/div>\n<\/div>\n<\/div>\n\n\n\n<div class=\"wp-block-group alignfull is-layout-constrained wp-container-core-group-is-layout-45b0ac4f wp-block-group-is-layout-constrained\" id=\"services\" style=\"padding-top:144px;padding-bottom:0px\">\n<h2 class=\"wp-block-heading\" id=\"h-canli-slot-oyunlari\">CANLI SLOT OYUNLARI<\/h2>\n\n\n\n<div class=\"wp-block-columns is-layout-flex wp-container-core-columns-is-layout-60cbf9bb wp-block-columns-is-layout-flex\" style=\"margin-top:50px\">\n<div class=\"wp-block-column is-layout-flow wp-container-core-column-is-layout-6b73ce23 wp-block-column-is-layout-flow\">\n<figure class=\"wp-block-image size-full is-resized\"><img decoding=\"async\" src=\"https:\/\/lambadavip.org\/wp-content\/uploads\/2025\/04\/lambadavip-login.png\" alt=\"\" class=\"wp-image-21\" style=\"width:333px;height:auto\"\/><\/figure>\n\n\n\n<p>\ud83c\udfa7<strong>Uzman Destek Ekibimizle 7\/24 Yan\u0131n\u0131zday\u0131z!<\/strong><\/p>\n\n\n\n<p>Lambadavip ile casino deneyiminiz boyunca asla yaln\u0131z de\u011filsiniz. G\u00fcn\u00fcn her saati ula\u015fabilece\u011finiz tecr\u00fcbeli destek ekibimiz, t\u00fcm soru ve ihtiya\u00e7lar\u0131n\u0131za h\u0131zl\u0131, etkili \u00e7\u00f6z\u00fcmler sunar. Bunun yan\u0131 s\u0131ra oyun keyfinizi b\u00f6lmeden, her ad\u0131mda yan\u0131n\u0131zda oluruz. G\u00fcvenli, sorunsuz ve kesintisiz bir deneyim i\u00e7in biz buraday\u0131z!<\/p>\n<\/div>\n\n\n\n<div class=\"wp-block-column is-layout-flow wp-container-core-column-is-layout-6b73ce23 wp-block-column-is-layout-flow\">\n<figure class=\"wp-block-image aligncenter size-full is-resized\"><img decoding=\"async\" src=\"https:\/\/724liveslots.xyz\/wp-content\/uploads\/2025\/04\/makine.png\" alt=\"\" class=\"wp-image-23\" style=\"width:229px;height:auto\"\/><\/figure>\n\n\n\n<h4 class=\"wp-block-heading\" id=\"h-gercek-krupiyeler-gercek-heyecan\" style=\"margin-top:16px\">\ud83c\udfb2Ger\u00e7ek Krupiyeler, Ger\u00e7ek Heyecan!<\/h4>\n\n\n\n<p>Canl\u0131 yay\u0131nlarla oyunun tam merkezinde olun, ger\u00e7ek krupiyeler e\u015fli\u011finde adeta fiziksel bir casinodaym\u0131\u015f gibi atmosferi ya\u015fay\u0131n. Bununla beraber anl\u0131k kararlarla kazanc\u0131n\u0131z\u0131 art\u0131r\u0131n, heyecan\u0131 her saniye hissedin. Nerede olursan\u0131z olun, canl\u0131 casino keyfi her zaman sizinle!<br><\/p>\n<\/div>\n\n\n\n<div class=\"wp-block-column is-layout-flow wp-container-core-column-is-layout-6b73ce23 wp-block-column-is-layout-flow\">\n<figure class=\"wp-block-image size-full\"><img decoding=\"async\" src=\"https:\/\/lambadavip.org\/wp-content\/uploads\/2025\/04\/24731484-.jpg\" alt=\"\" class=\"wp-image-23\"\/><\/figure>\n\n\n\n<h4 class=\"wp-block-heading\" id=\"h-kazancinizi-katlayin-eglencenin-tadini-cikarin\" style=\"margin-top:16px\">\ud83c\udfc6 Kazanc\u0131n\u0131z\u0131 Katlay\u0131n, E\u011flencenin Tad\u0131n\u0131 \u00c7\u0131kar\u0131n!<\/h4>\n\n\n\n<p>Y\u00fcksek kazan\u00e7 oranlar\u0131yla her oyunda \u015fans\u0131n\u0131z\u0131 art\u0131r\u0131n, \u00f6zel bonuslarla \u00f6d\u00fclleri toplarken avantaj\u0131 elden b\u0131rakmay\u0131n. Buna ek olarak her an s\u00fcrpriz f\u0131rsatlar ve s\u0131n\u0131rs\u0131z e\u011flenceyle dolu bu d\u00fcnyada, her yeni oyun daha fazla heyecan ve kazan\u00e7 vadediyor. \u015eimdi \u015fans\u0131n\u0131z\u0131 konu\u015fturma zaman\u0131!<\/p>\n<\/div>\n<\/div>\n<\/div>\n\n\n\n<div class=\"wp-block-group alignfull has-ast-global-color-5-background-color has-background is-layout-constrained wp-container-core-group-is-layout-94d206d0 wp-block-group-is-layout-constrained\" id=\"about\" style=\"padding-top:143px;padding-bottom:144px\">\n<div class=\"wp-block-media-text alignfull has-media-on-the-right is-stacked-on-mobile is-vertically-aligned-center\" style=\"grid-template-columns:auto 21%\"><div class=\"wp-block-media-text__content\">\n<div class=\"inherit-container-width wp-block-group is-layout-constrained wp-container-core-group-is-layout-47ce07ec wp-block-group-is-layout-constrained\" style=\"padding-right:80px\">\n<h2 class=\"wp-block-heading alignfull\" id=\"h-kibris-in-en-iyi-casinolari-kibris-zoom-slot-ta\" style=\"padding-right:40px\">K\u0131br\u0131s\u2019\u0131n En \u0130yi Casinolar\u0131 K\u0131br\u0131s Zoom Slot&#8217;ta!<\/h2>\n\n\n\n<p><a href=\"https:\/\/heylink.me\/k\u0131br\u0131szoom\/\" target=\"_blank\" rel=\"noopener\">Zoom Casino<\/a>, K\u0131br\u0131s\u2019\u0131n en prestijli casino otellerini tek \u00e7at\u0131 alt\u0131nda topluyor. Her seviyeye uygun masa oyunlar\u0131, en pop\u00fcler slot se\u00e7enekleri ve s\u00fcrekli g\u00fcncellenen promosyonlarla oyun deneyimini zirveye ta\u015f\u0131yor. Bu yeni nesil casino rehberi sayesinde, K\u0131br\u0131s\u2019taki t\u00fcm heyecan ve ayr\u0131cal\u0131klar art\u0131k parmaklar\u0131n\u0131z\u0131n ucunda!<\/p>\n\n\n\n<p>K\u0131br\u0131s casinolar\u0131na dair merak etti\u011finiz her \u015fey burada:<\/p>\n\n\n\n<ul class=\"wp-block-list\">\n<li>\ud83d\udccd En \u00e7ok tercih edilen kumarhaneler<\/li>\n\n\n\n<li>\ud83c\udfb0 Zengin slot ve masa oyunu \u00e7e\u015fitlili\u011fi<\/li>\n\n\n\n<li>\ud83d\udcbc Kaliteli hizmet sunan l\u00fcks casino otelleri<\/li>\n\n\n\n<li>\ud83d\udece\ufe0f VIP hizmetler, transfer ve konaklama detaylar\u0131<\/li>\n<\/ul>\n\n\n\n<p>\ud83d\udc49 K\u0131br\u0131s casinolar\u0131na ad\u0131m atmadan \u00f6nce, ihtiyac\u0131n\u0131z olan t\u00fcm bilgileri <a href=\"http:\/\/kibriszoomslot.com\/\" target=\"_blank\" rel=\"noopener\"><strong>K\u0131br\u0131s Zoom Slot<\/strong><\/a> ile ke\u015ffedin!<\/p>\n<\/div>\n<\/div><figure class=\"wp-block-media-text__media\"><img decoding=\"async\" src=\"https:\/\/724liveslots.xyz\/wp-content\/uploads\/2025\/04\/logo.png\" alt=\"\" class=\"wp-image-25 size-full\"\/><\/figure><\/div>\n<\/div>\n\n\n\n<div class=\"wp-block-group alignfull has-ast-global-color-4-background-color has-background is-layout-constrained wp-container-core-group-is-layout-6a2cfb7b wp-block-group-is-layout-constrained\" id=\"reviews\">\n<h2 class=\"wp-block-heading has-text-align-center\" id=\"h-zoom-casino-yu-digerlerinden-ayiran-ozellikler\" style=\"font-size:22px\"><strong>Zoom Casino\u2019yu Di\u011ferlerinden Ay\u0131ran \u00d6zellikler<\/strong><\/h2>\n\n\n\n<p>\ud83d\udd0d <strong>Derinlemesine ve G\u00fcvenilir Bilgi<\/strong><br>Her casino i\u00e7in \u00f6zel olarak haz\u0131rlanm\u0131\u015f i\u00e7erikler, ger\u00e7ek kullan\u0131c\u0131 yorumlar\u0131 ve s\u00fcrekli g\u00fcncellenen verilerle bilin\u00e7li tercihler yap\u0131n.<\/p>\n\n\n\n<p>\ud83d\udcf1 <strong>Mobil Uyumlu ve H\u0131zl\u0131 Eri\u015fim<\/strong><br>\u0130ster evde ister yolda olun, Zoom Casino mobil uyumlu yap\u0131s\u0131yla K\u0131br\u0131s casinolar\u0131n\u0131 diledi\u011finiz an ke\u015ffetmenizi sa\u011flar.<\/p>\n\n\n\n<p>\ud83d\udd17 <strong>Tek T\u0131kla Do\u011frudan Ba\u011flant\u0131<\/strong><br>Oynamaya karar verdi\u011finizde, zaman kaybetmeden do\u011frudan ilgili casino ile ileti\u015fime ge\u00e7in.<\/p>\n\n\n\n<p>\ud83d\udee1\ufe0f <strong>Sorumlu ve G\u00fcvenli Oyun Anlay\u0131\u015f\u0131<\/strong><br>Kullan\u0131c\u0131lar\u0131m\u0131z\u0131n g\u00fcvenli\u011fi ve konforu \u00f6nceli\u011fimizdir. Etik, sorumlu oyun yakla\u015f\u0131m\u0131m\u0131zla her zaman yan\u0131n\u0131zday\u0131z.<\/p>\n\n\n\n<p><\/p>\n\n\n\n<p class=\"has-text-align-center\"><a href=\"https:\/\/www.kibriszoomslot.com\/\" data-type=\"link\" data-id=\"https:\/\/www.kibriszoomslot.com\/\" target=\"_blank\" rel=\"noopener\">k\u0131br\u0131s zoom slot<\/a><\/p>\n<\/div>\n\n\n\n<div class=\"wp-block-group alignfull is-layout-constrained wp-container-core-group-is-layout-3fee123f wp-block-group-is-layout-constrained\" id=\"whyus\" style=\"padding-top:144px;padding-bottom:144px\">\n<h2 class=\"wp-block-heading\" id=\"h-neden-biz\">NEDEN B\u0130Z?<\/h2>\n\n\n\n<div class=\"wp-block-columns is-layout-flex wp-container-core-columns-is-layout-29aadeec wp-block-columns-is-layout-flex\" style=\"margin-top:60px\">\n<div class=\"wp-block-column is-layout-flow wp-container-core-column-is-layout-6b73ce23 wp-block-column-is-layout-flow\">\n<figure class=\"wp-block-image size-large\"><img decoding=\"async\" src=\"https:\/\/zoomcasinogiris.net\/wp-content\/themes\/astra\/inc\/assets\/images\/starter-content\/passionate.svg\" alt=\"\" class=\"wp-image-162\"\/><\/figure>\n\n\n\n<h3 class=\"wp-block-heading\" id=\"h-hemen-uye-ol-kazanc-dolu-dunyaya-adim-at\" style=\"margin-top:16px\">\u2705 Hemen \u00dcye Ol, Kazan\u00e7 Dolu D\u00fcnyaya Ad\u0131m At!<\/h3>\n\n\n\n<p>Kay\u0131t i\u015flemini birka\u00e7 saniye i\u00e7inde tamamla, ard\u0131ndan f\u0131rsatlarla dolu oyun d\u00fcnyas\u0131na kat\u0131l. E\u011flenceye hemen ba\u015fla, kazanc\u0131n\u0131 art\u0131r ve heyecan\u0131n tad\u0131n\u0131 \u00e7\u0131kar. Sadece bir t\u0131kla kazan\u00e7 dolu d\u00fcnyaya ad\u0131m at!<\/p>\n<\/div>\n\n\n\n<div class=\"wp-block-column is-layout-flow wp-container-core-column-is-layout-6b73ce23 wp-block-column-is-layout-flow\">\n<figure class=\"wp-block-image size-large\"><img decoding=\"async\" src=\"https:\/\/zoomcasinogiris.net\/wp-content\/themes\/astra\/inc\/assets\/images\/starter-content\/professional.svg\" alt=\"\" class=\"wp-image-163\"\/><\/figure>\n\n\n\n<h3 class=\"wp-block-heading\" id=\"h-aninda-cekim-ile-kazanciniz-hemen-hesabinizda\" style=\"margin-top:16px\">\ud83d\udcb8 An\u0131nda \u00c7ekim ile Kazanc\u0131n\u0131z Hemen Hesab\u0131n\u0131zda!<\/h3>\n\n\n\n<p>Lambadavip ile kazanc\u0131n\u0131z\u0131 beklemeden, g\u00fcvenli bir \u015fekilde ve an\u0131nda hesab\u0131n\u0131za aktar\u0131n. Ayn\u0131 zamanda \u00e7ekim i\u015flemleri h\u0131zl\u0131 ve kolay, istedi\u011finiz zaman kazanc\u0131n\u0131za ula\u015f\u0131n ve keyfini \u00e7\u0131kar\u0131n!<\/p>\n<\/div>\n\n\n\n<div class=\"wp-block-column is-layout-flow wp-container-core-column-is-layout-6b73ce23 wp-block-column-is-layout-flow\">\n<figure class=\"wp-block-image size-large\"><img decoding=\"async\" src=\"https:\/\/zoomcasinogiris.net\/wp-content\/themes\/astra\/inc\/assets\/images\/starter-content\/support.svg\" alt=\"\" class=\"wp-image-164\"\/><\/figure>\n\n\n\n<h3 class=\"wp-block-heading\" id=\"h-7-24-online-oyun\" style=\"margin-top:16px\">\ud83c\udfae 7\/24 Online Oyun<\/h3>\n\n\n\n<p>K\u0131br\u0131s Zoom Slot\u2019ta \u00e7ekim i\u015flemleri h\u0131zl\u0131, g\u00fcvenli ve kesintisiz. Kazanc\u0131n\u0131z an\u0131nda hesab\u0131n\u0131za aktar\u0131l\u0131r, b\u00f6ylece bekleme derdini tamamen unutur, istedi\u011finiz zaman paran\u0131za ula\u015fabilirsiniz! 7\/24 online oyun keyfiyle s\u0131n\u0131rs\u0131z e\u011flence her an sizinle!<\/p>\n<\/div>\n<\/div>\n<\/div>\n\n\n\n<div class=\"wp-block-group alignfull has-background is-layout-constrained wp-container-core-group-is-layout-cfcca693 wp-block-group-is-layout-constrained\" id=\"contact\" style=\"background:linear-gradient(35deg,rgb(6,0,151) 0%,rgb(130,4,255) 64%,rgb(193,15,255) 98%);padding-top:104px;padding-bottom:104px\">\n<h2 class=\"wp-block-heading has-text-align-center has-text-color\" id=\"h-kibris-zoom-slot\" style=\"color:#ffffff\">KIBRIS ZOOM SLOT<\/h2>\n\n\n\n<h2 class=\"wp-block-heading has-text-align-center has-text-color\" id=\"h-hemen-basla-eglenceye-zoom-la-yaklas\" style=\"color:#ffffff\">\ud83d\udcde Hemen Ba\u015fla \u2013 E\u011flenceye Zoom\u2019la Yakla\u015f!<\/h2>\n\n\n\n<div class=\"wp-block-buttons alignwide is-horizontal is-content-justification-center is-layout-flex wp-container-core-buttons-is-layout-bba8380a wp-block-buttons-is-layout-flex\" style=\"margin-top:50px\">\n<div class=\"wp-block-button\"><a class=\"wp-block-button__link wp-element-button\" href=\"https:\/\/heylink.me\/k\u0131br\u0131szoom\/\" target=\"_blank\" rel=\"noopener\">ZOOM CAS\u0130NO&#8217;YA BA\u011eLAN<\/a><\/div>\n<\/div>\n<\/div>\n\n\n\n<div class=\"wp-block-group alignfull has-ast-global-color-4-background-color has-background is-layout-constrained wp-container-core-group-is-layout-6a2cfb7b wp-block-group-is-layout-constrained\" id=\"reviews\">\n<h2 class=\"wp-block-heading has-text-align-center\" id=\"h-sadece-oyun-degil-deneyim-sunuyoruz\" style=\"font-size:22px\">\ud83e\udde0 Sadece Oyun De\u011fil, Deneyim Sunuyoruz!<\/h2>\n\n\n\n<p>K\u0131K\u0131br\u0131s Zoom Slot, yaln\u0131zca bir listeleme platformu olman\u0131n \u00f6tesinde, kullan\u0131c\u0131lara en iyi casino deneyimini ya\u015fatmay\u0131 hedefler. Se\u00e7im yapma \u00f6zg\u00fcrl\u00fc\u011f\u00fcn\u00fcz\u00fc desteklerken, do\u011fru kararlar\u0131 verebilmeniz i\u00e7in size rehberlik eder.<\/p>\n\n\n\n<p>Kumarhane d\u00fcnyas\u0131na ad\u0131m atmak isteyenler i\u00e7in sundu\u011fumuz ayr\u0131cal\u0131klar:<\/p>\n\n\n\n<p>\ud83c\udf93 <strong>Casino Rehber Yaz\u0131lar\u0131<\/strong> \u2013 Her seviyeye uygun bilgilerle kararlar\u0131n\u0131z\u0131 kolayla\u015ft\u0131r\u0131n.<br>\ud83d\udcc5 <strong>G\u00fcnl\u00fck Etkinlik Takvimi<\/strong> \u2013 K\u0131br\u0131s\u2019taki en g\u00fcncel casino etkinliklerini ka\u00e7\u0131rmay\u0131n.<br>\ud83d\udcac <strong>Canl\u0131 Destek 7\/24<\/strong> \u2013 Her an yan\u0131n\u0131zda, an\u0131nda bilgi ve destek.<br>\ud83c\udf81 <strong>Kampanyalar ve Bonuslar<\/strong> \u2013 S\u00fcrpriz f\u0131rsatlar ve avantajlarla kazanc\u0131n\u0131z\u0131 katlay\u0131n.<\/p>\n\n\n\n<p>\ud83d\udce2 K\u0131br\u0131s\u2019taki en iyi casino deneyimini ya\u015famak i\u00e7in <strong>KIBRIS ZOOM SLOT<\/strong>\u2019u takipte kal\u0131n ve f\u0131rsatlar\u0131 ka\u00e7\u0131rmay\u0131n!<\/p>\n\n\n\n<p class=\"has-text-align-center\"><strong><a href=\"https:\/\/www.kibriszoomslot.com\/\" data-type=\"link\" data-id=\"https:\/\/www.kibriszoomslot.com\/\" target=\"_blank\" rel=\"noopener\">KIBRIS ZOOM SLOT<\/a><\/strong><\/p>\n<\/div>\n","protected":false},"excerpt":{"rendered":"<p>VIP Avantajlarla dolu bu ayr\u0131cal\u0131kl\u0131 d\u00fcnyaya \u015fimdi kat\u0131l\u0131n! \u00d6zel promosyonlarla oyuna g\u00fc\u00e7l\u00fc bir ba\u015flang\u0131\u00e7 yap\u0131n, y\u00fcksek oranl\u0131 bonuslarla kazanc\u0131n\u0131z\u0131 katlay\u0131n. [&hellip;]<\/p>\n","protected":false},"author":1,"featured_media":18,"parent":0,"menu_order":0,"comment_status":"closed","ping_status":"closed","template":"","meta":{"site-sidebar-layout":"default","site-content-layout":"","ast-site-content-layout":"","site-content-style":"default","site-sidebar-style":"default","ast-global-header-display":"","ast-banner-title-visibility":"","ast-main-header-display":"","ast-hfb-above-header-display":"","ast-hfb-below-header-display":"","ast-hfb-mobile-header-display":"","site-post-title":"disabled","ast-breadcrumbs-content":"","ast-featured-img":"disabled","footer-sml-layout":"","theme-transparent-header-meta":"","adv-header-id-meta":"","stick-header-meta":"","header-above-stick-meta":"","header-main-stick-meta":"","header-below-stick-meta":"","astra-migrate-meta-layouts":"default","ast-page-background-enabled":"default","ast-page-background-meta":{"desktop":{"background-color":"var(--ast-global-color-5)","background-image":"","background-repeat":"repeat","background-position":"center center","background-size":"auto","background-attachment":"scroll","background-type":"","background-media":"","overlay-type":"","overlay-color":"","overlay-opacity":"","overlay-gradient":""},"tablet":{"background-color":"","background-image":"","background-repeat":"repeat","background-position":"center center","background-size":"auto","background-attachment":"scroll","background-type":"","background-media":"","overlay-type":"","overlay-color":"","overlay-opacity":"","overlay-gradient":""},"mobile":{"background-color":"","background-image":"","background-repeat":"repeat","background-position":"center center","background-size":"auto","background-attachment":"scroll","background-type":"","background-media":"","overlay-type":"","overlay-color":"","overlay-opacity":"","overlay-gradient":""}},"ast-content-background-meta":{"desktop":{"background-color":"var(--ast-global-color-4)","background-image":"","background-repeat":"repeat","background-position":"center center","background-size":"auto","background-attachment":"scroll","background-type":"","background-media":"","overlay-type":"","overlay-color":"","overlay-opacity":"","overlay-gradient":""},"tablet":{"background-color":"var(--ast-global-color-4)","background-image":"","background-repeat":"repeat","background-position":"center center","background-size":"auto","background-attachment":"scroll","background-type":"","background-media":"","overlay-type":"","overlay-color":"","overlay-opacity":"","overlay-gradient":""},"mobile":{"background-color":"var(--ast-global-color-4)","background-image":"","background-repeat":"repeat","background-position":"center center","background-size":"auto","background-attachment":"scroll","background-type":"","background-media":"","overlay-type":"","overlay-color":"","overlay-opacity":"","overlay-gradient":""}},"footnotes":""},"class_list":["post-16","page","type-page","status-publish","has-post-thumbnail","hentry"],"_links":{"self":[{"href":"https:\/\/lambadavip.store\/index.php\/wp-json\/wp\/v2\/pages\/16","targetHints":{"allow":["GET"]}}],"collection":[{"href":"https:\/\/lambadavip.store\/index.php\/wp-json\/wp\/v2\/pages"}],"about":[{"href":"https:\/\/lambadavip.store\/index.php\/wp-json\/wp\/v2\/types\/page"}],"author":[{"embeddable":true,"href":"https:\/\/lambadavip.store\/index.php\/wp-json\/wp\/v2\/users\/1"}],"replies":[{"embeddable":true,"href":"https:\/\/lambadavip.store\/index.php\/wp-json\/wp\/v2\/comments?post=16"}],"version-history":[{"count":2,"href":"https:\/\/lambadavip.store\/index.php\/wp-json\/wp\/v2\/pages\/16\/revisions"}],"predecessor-version":[{"id":42,"href":"https:\/\/lambadavip.store\/index.php\/wp-json\/wp\/v2\/pages\/16\/revisions\/42"}],"wp:featuredmedia":[{"embeddable":true,"href":"https:\/\/lambadavip.store\/index.php\/wp-json\/wp\/v2\/media\/18"}],"wp:attachment":[{"href":"https:\/\/lambadavip.store\/index.php\/wp-json\/wp\/v2\/media?parent=16"}],"curies":[{"name":"wp","href":"https:\/\/api.w.org\/{rel}","templated":true}]}}